{"id":995,"date":"2025-05-05T08:49:55","date_gmt":"2025-05-05T06:49:55","guid":{"rendered":"http:\/\/localhost\/sabatiesarl\/?post_type=product&#038;p=995"},"modified":"2025-06-11T01:42:18","modified_gmt":"2025-06-10T23:42:18","slug":"09160-serpilliere-microfibre-tricot-luxe-bleu-40x80","status":"publish","type":"product","link":"https:\/\/sabatie-produits-entretien.fr\/fr\/produit\/09160-serpilliere-microfibre-tricot-luxe-bleu-40x80\/","title":{"rendered":"09160 SERPILLI\u00c8RE MICROFIBRE TRICOT-LUXE BLEU 40&#215;80"},"content":{"rendered":"<h2>SERPILLI\u00c8RE MICROFIBRE TRICOT-LUXE BLEU 40&#215;80 cm<\/h2>\n<p>&nbsp;<\/p>\n<h3>Toutes Surfaces<\/h3>\n<p>&nbsp;<\/p>\n<h3>Tissu tiss\u00e9<\/h3>\n<h3>Excellentes qualit\u00e9s de nettoyage<\/h3>\n<h3>Tr\u00e8s \u00e9pais et absorbant gr\u00e2ce \u00e0 sa texture alv\u00e9ol\u00e9e<\/h3>\n<h3>Utilisations : sols, fours, voiture, nettoyage industriel, \u2026<\/h3>\n<h3><\/h3>\n<p>&nbsp;<\/p>\n<ul>\n<li>\n<h4>Poids : 320 gram-m\u00b2<\/h4>\n<\/li>\n<\/ul>\n<h3><\/h3>\n<ul>\n<li>\n<h4>Dimensions : 40 x 80 cm<\/h4>\n<\/li>\n<\/ul>\n<p>&nbsp;<\/p>\n<ul>\n<li>\n<h4>Conditionnement\u00a0 :\u00a0 l&rsquo;unit\u00e9<\/h4>\n<\/li>\n<\/ul>\n<p>&nbsp;<\/p>\n<ul>\n<li><a href=\"http:\/\/sabatie-produits-entretien.fr\/fr\/wp-content\/uploads\/2017\/05\/FT-09160-Micro-Fibre-Tricot-luxe-40-x-80-cm-bleu.pdf\" target=\"_blank\" rel=\"noopener noreferrer\">FICHE TECHNIQUE<\/a><\/li>\n<\/ul>\n","protected":false},"excerpt":{"rendered":"<h4>Toutes Surfaces<\/h4>\n<h4>Tissu tiss\u00e9<\/h4>\n<h4>Excellentes qualit\u00e9s de nettoyage<\/h4>\n<h4>Tr\u00e8s \u00e9pais et absorbant gr\u00e2ce \u00e0 sa texture alv\u00e9ol\u00e9e<\/h4>\n<h4>Utilisations : sols, fours, voiture, nettoyage industriel, \u2026<\/h4>\n","protected":false},"featured_media":1025,"comment_status":"closed","ping_status":"closed","template":"","meta":{"_acf_changed":false,"site-sidebar-layout":"default","site-content-layout":"","ast-site-content-layout":"default","site-content-style":"default","site-sidebar-style":"default","ast-global-header-display":"","ast-banner-title-visibility":"","ast-main-header-display":"","ast-hfb-above-header-display":"","ast-hfb-below-header-display":"","ast-hfb-mobile-header-display":"","site-post-title":"","ast-breadcrumbs-content":"","ast-featured-img":"","footer-sml-layout":"","ast-disable-related-posts":"","theme-transparent-header-meta":"","adv-header-id-meta":"","stick-header-meta":"","header-above-stick-meta":"","header-main-stick-meta":"","header-below-stick-meta":"","astra-migrate-meta-layouts":"default","ast-page-background-enabled":"default","ast-page-background-meta":{"desktop":{"background-color":"var(--ast-global-color-5)","background-image":"","background-repeat":"repeat","background-position":"center center","background-size":"auto","background-attachment":"scroll","background-type":"","background-media":"","overlay-type":"","overlay-color":"","overlay-opacity":"","overlay-gradient":""},"tablet":{"background-color":"","background-image":"","background-repeat":"repeat","background-position":"center center","background-size":"auto","background-attachment":"scroll","background-type":"","background-media":"","overlay-type":"","overlay-color":"","overlay-opacity":"","overlay-gradient":""},"mobile":{"background-color":"","background-image":"","background-repeat":"repeat","background-position":"center center","background-size":"auto","background-attachment":"scroll","background-type":"","background-media":"","overlay-type":"","overlay-color":"","overlay-opacity":"","overlay-gradient":""}},"ast-content-background-meta":{"desktop":{"background-color":"var(--ast-global-color-4)","background-image":"","background-repeat":"repeat","background-position":"center center","background-size":"auto","background-attachment":"scroll","background-type":"","background-media":"","overlay-type":"","overlay-color":"","overlay-opacity":"","overlay-gradient":""},"tablet":{"background-color":"var(--ast-global-color-4)","background-image":"","background-repeat":"repeat","background-position":"center center","background-size":"auto","background-attachment":"scroll","background-type":"","background-media":"","overlay-type":"","overlay-color":"","overlay-opacity":"","overlay-gradient":""},"mobile":{"background-color":"var(--ast-global-color-4)","background-image":"","background-repeat":"repeat","background-position":"center center","background-size":"auto","background-attachment":"scroll","background-type":"","background-media":"","overlay-type":"","overlay-color":"","overlay-opacity":"","overlay-gradient":""}}},"product_brand":[],"product_cat":[16,665],"product_tag":[100,101],"class_list":{"0":"post-995","1":"product","2":"type-product","3":"status-publish","4":"has-post-thumbnail","6":"product_cat-tout","7":"product_cat-microfibres","8":"product_tag-serpilliere-microfibre-trico-luxe-40x80","9":"product_tag-torchon-microfibre-tricot-luxe-bleu-40x80","10":"desktop-align-left","11":"tablet-align-left","12":"mobile-align-left","14":"first","15":"instock","16":"virtual","17":"product-type-simple"},"acf":[],"_links":{"self":[{"href":"https:\/\/sabatie-produits-entretien.fr\/fr\/wp-json\/wp\/v2\/product\/995","targetHints":{"allow":["GET"]}}],"collection":[{"href":"https:\/\/sabatie-produits-entretien.fr\/fr\/wp-json\/wp\/v2\/product"}],"about":[{"href":"https:\/\/sabatie-produits-entretien.fr\/fr\/wp-json\/wp\/v2\/types\/product"}],"replies":[{"embeddable":true,"href":"https:\/\/sabatie-produits-entretien.fr\/fr\/wp-json\/wp\/v2\/comments?post=995"}],"wp:featuredmedia":[{"embeddable":true,"href":"https:\/\/sabatie-produits-entretien.fr\/fr\/wp-json\/wp\/v2\/media\/1025"}],"wp:attachment":[{"href":"https:\/\/sabatie-produits-entretien.fr\/fr\/wp-json\/wp\/v2\/media?parent=995"}],"wp:term":[{"taxonomy":"product_brand","embeddable":true,"href":"https:\/\/sabatie-produits-entretien.fr\/fr\/wp-json\/wp\/v2\/product_brand?post=995"},{"taxonomy":"product_cat","embeddable":true,"href":"https:\/\/sabatie-produits-entretien.fr\/fr\/wp-json\/wp\/v2\/product_cat?post=995"},{"taxonomy":"product_tag","embeddable":true,"href":"https:\/\/sabatie-produits-entretien.fr\/fr\/wp-json\/wp\/v2\/product_tag?post=995"}],"curies":[{"name":"wp","href":"https:\/\/api.w.org\/{rel}","templated":true}]}}